{"id":2,"date":"2020-07-19T17:51:22","date_gmt":"2020-07-19T17:51:22","guid":{"rendered":"https:\/\/plomberielalonde.com\/?page_id=2"},"modified":"2025-05-29T18:39:08","modified_gmt":"2025-05-29T18:39:08","slug":"page-d-exemple","status":"publish","type":"page","link":"https:\/\/plomberielalonde.com\/fr\/","title":{"rendered":"Accueil"},"content":{"rendered":"<section class=\"top_container position-relative\">\n<div class=\"container\">\n<div class=\"row\">\n<div class=\"col-xl-10 col-xxl-8 mx-auto position-static\">\n<div class=\"h1_div text-center\">\n<div class=\"lc-block\">\n<div editable=\"rich\">\n<h1>Vous devez effectuer des travaux de plomberie \u00e0 Gatineau ?<\/h1>\n<\/p><\/div>\n<\/p><\/div>\n<p><!-- \/lc-block --><\/p>\n<div class=\"lc-block\">\n<div lc-helper=\"shortcode\" class=\"live-shortcode\"><a class=\"contact btn\" href=\"https:\/\/plomberielalonde.com\/fr\/contact\/\" aria-label=\"Contactez-nous\">Contactez-nous<\/a><\/div>\n<\/p><\/div>\n<p><!-- \/lc-block -->\n\t\t\t\t<\/div>\n<div lc-helper=\"shortcode\" class=\"live-shortcode\"><div class=\"down_arrow\"><img decoding=\"async\" src=\"https:\/\/plomberielalonde.com\/wp-content\/themes\/yannickweb-child\/assets\/images\/down-arrow.png\" class=\"\" alt=\"\"><noscript><img decoding=\"async\" src=\"https:\/\/plomberielalonde.com\/wp-content\/themes\/yannickweb-child\/assets\/images\/down-arrow.png\" class=\"\" alt=\"\"><\/noscript><\/div><\/div>\n<\/p><\/div>\n<p><!-- \/col -->\n\t\t<\/div>\n<\/p><\/div>\n<\/section>\n<section>\n<div lc-helper=\"shortcode\" class=\"live-shortcode\"><div class=\"icon_container\"><div class=\"container\"><div class=\"row justify-content-center text-center align-items-end\"><div class=\"col-sm-auto\"><div class=\"oneIcon\"><img decoding=\"async\" src=\"https:\/\/plomberielalonde.com\/wp-content\/themes\/yannickweb-child\/assets\/images\/clock.png\" class=\"\" alt=\"\"><noscript><img decoding=\"async\" src=\"https:\/\/plomberielalonde.com\/wp-content\/themes\/yannickweb-child\/assets\/images\/clock.png\" class=\"\" alt=\"\"><\/noscript><p>Service rapide<\/p><\/div><\/div><div class=\"col-sm-auto\"><div class=\"oneIcon\"><img decoding=\"async\" src=\"https:\/\/plomberielalonde.com\/wp-content\/themes\/yannickweb-child\/assets\/images\/feedback.png\" class=\"\" alt=\"\"><noscript><img decoding=\"async\" src=\"https:\/\/plomberielalonde.com\/wp-content\/themes\/yannickweb-child\/assets\/images\/feedback.png\" class=\"\" alt=\"\"><\/noscript><p>Travail professionnel<\/p><\/div><\/div><div class=\"col-sm-auto\"><div class=\"oneIcon\"><img decoding=\"async\" src=\"https:\/\/plomberielalonde.com\/wp-content\/themes\/yannickweb-child\/assets\/images\/award.png\" class=\"\" alt=\"\"><noscript><img decoding=\"async\" src=\"https:\/\/plomberielalonde.com\/wp-content\/themes\/yannickweb-child\/assets\/images\/award.png\" class=\"\" alt=\"\"><\/noscript><p>Satisfaction garantie<\/p><\/div><\/div><\/div><\/div><\/div><\/div>\n<\/section>\n<section class=\"main_container\">\n<div class=\"container\">\n<div class=\"row\">\n<div class=\"col-lg-6\">\n<div class=\"lc-block\">\n<div editable=\"rich\">\n<h2>Chez Plomberie Lalonde, nous offrons une vari\u00e9t\u00e9 de services de plomberie \u00e0 Gatineau<\/h2>\n<p>Pour tous vos besoins en plomberie dans le secteur de Gatineau et les environs, choisissez un plombier d\u2019exp\u00e9rience reconnu pour son efficacit\u00e9 et son professionnalisme. L\u2019\u00e9quipe de Plomberie Lalonde offre un service de qualit\u00e9 sup\u00e9rieure, en utilisant les technologies les plus r\u00e9centes du domaine.<\/p>\n<p>Quels que soient vos besoins, vous \u00eates assur\u00e9 de recevoir un service d&rsquo;exception avec Plomberie Lalonde \u00e0 Gatineau. Notre \u00e9quipe de plombiers certifi\u00e9s poss\u00e8de un savoir-faire incomparable et une \u00e9thique de travail irr\u00e9prochable, vous garantit un r\u00e9sultat qui vous offrira une enti\u00e8re satisfaction.<\/p>\n<p>Plomberie Lalonde est disponible en tout temps \u2013 c\u2019est-\u00e0-dire 24 heures sur 24, 7 jours sur 7 \u2013 pour intervenir efficacement sur vos syst\u00e8mes de plomberie \u00e0 Gatineau et ailleurs en Outaouais, afin d\u2019effectuer les op\u00e9rations suivantes:<\/p>\n<ul>\n<li>D\u00e9gel de tuyaux et de conduites<\/li>\n<li>Nettoyage<\/li>\n<li>Analyse de drains fran\u00e7ais<\/li>\n<li>D\u00e9blocage d\u2019\u00e9gouts<\/li>\n<li>Inspection par cam\u00e9ra couleur<\/li>\n<li>Et plusieurs autres services sp\u00e9cialis\u00e9s.&nbsp;<\/li>\n<\/ul>\n<p>Vous pouvez compter sur nos sp\u00e9cialistes, chez Plomberie Lalonde \u00e0 Gatineau, pour vous fournir un travail bien fait et livr\u00e9 dans les d\u00e9lais promis. Que ce soit pour des travaux commerciaux, r\u00e9sidentiels ou industriels \u00e0 Gatineau, contactez-nous d\u00e8s aujourd\u2019hui.<\/p>\n<\/p><\/div>\n<\/p><\/div>\n<p><!-- \/lc-block --><\/p>\n<div class=\"lc-block\">\n<div lc-helper=\"shortcode\" class=\"live-shortcode\"><a class=\"contact btn\" href=\"https:\/\/plomberielalonde.com\/fr\/contact\/\" aria-label=\"Contactez-nous\">Contactez-nous<\/a><\/div>\n<\/p><\/div>\n<p><!-- \/lc-block -->\n\t\t\t<\/div>\n<p><!-- \/col --><\/p>\n<div class=\"col-lg-6 col-xxl-5 ml-auto\">\n<div class=\"lc-block urgence-alert\">\n<div editable=\"rich\">\n<p>Service d&rsquo;urgence disponible<\/p>\n<\/p><\/div>\n<\/p><\/div>\n<p><!-- \/lc-block --><\/p>\n<div class=\"lc-block main-side-1\"><\/div>\n<p><!-- \/lc-block --><\/p>\n<div class=\"lc-block main-side-2\"><\/div>\n<p><!-- \/lc-block -->\n\t\t\t<\/div>\n<p><!-- \/col -->\n\t\t<\/div>\n<\/p><\/div>\n<\/section>\n<section class=\"services_container\">\n<div class=\"container\">\n<div class=\"row\">\n<div class=\"col-lg-5\">\n\t\t\t\t<!-- \/lc-block --><\/p>\n<div class=\"lc-block liste_services\">\n<div lc-helper=\"shortcode\" class=\"live-shortcode\"><div class=\"services_list\"><h3>Services<\/h3><ul><li>D\u00e9blocage d'\u00e9gout<\/li><li>D\u00e9gel de tuyau<\/li><li>Drain de garage<\/li><li>Excavation \u00e9gout et aqueduc<\/li><li>Inspection (conformit\u00e9 avec rapport pour assurance)<\/li><li>Inspection par cam\u00e9ra<\/li><li>Nettoyage de drain fran\u00e7ais<\/li><li>Pression<\/li><li>Probl\u00e8mes de vermines (Rats et autres rongeurs)<\/li><li>Remplacement d\u2019\u00e9gouts int\u00e9rieur<\/li><li>R\u00e9paration de plomberie en tout genre<\/li><li>R\u00e9servoir d\u2019eau chaude<\/li><li>Rotor<\/li><li>Vidange de trappe \u00e0 graisses<\/li><\/ul><\/div><\/div>\n<\/p><\/div>\n<p><!-- \/lc-block -->\n\t\t\t<\/div>\n<p><!-- \/col --><\/p>\n<div class=\"col-lg-7\">\n<div class=\"lc-block maintext2\">\n<div editable=\"rich\">\n<h4>Plomberie Lalonde utilise des m\u00e9thodes \u00e0 la fine pointe de la technologie pour vos travaux de plomberie \u00e0 Gatineau<\/h4>\n<p>Si vous \u00eates \u00e0 Gatineau ou dans la r\u00e9gion de l\u2019Outaouais et que vous avez besoin de r\u00e9aliser des travaux de plomberie commercial, r\u00e9sidentiel ou industriel, faites-nous confiance.<\/p>\n<p>Chez Plomberie Lalonde, nos plombiers sont form\u00e9s pour offrir des solutions \u00e0 la fine pointe de la technologie. Que ce soit pour une fuite, un bris, un probl\u00e8me de racines ou une infiltration dans votre syst\u00e8me d\u2019\u00e9gouts, nous avons les \u00e9quipements et les comp\u00e9tences n\u00e9cessaires. Nous proposons aussi des techniques sans excavation pour minimiser les d\u00e9g\u00e2ts.<\/p>\n<p>Chez Plomberie Lalonde, nous vous invitons \u00e0 nous contacter pour obtenir plus d\u2019informations. Il nous fera plaisir de r\u00e9pondre \u00e0 vos questions.<\/p>\n<a class=\"contact btn\" href=\"https:\/\/plomberielalonde.com\/fr\/contact\/\" aria-label=\"Prenez rendez-vous\">Prenez rendez-vous<\/a>\n<\/p><\/div>\n<\/p><\/div>\n<p><!-- \/lc-block --><\/p>\n<div class=\"lc-block bottom-img\"><\/div>\n<p><!-- \/lc-block -->\n\t\t\t<\/div>\n<p><!-- \/col -->\n\t\t<\/div>\n<\/p><\/div>\n<\/section>\n","protected":false},"excerpt":{"rendered":"<p>Vous devez effectuer des travaux de plomberie \u00e0 Gatineau ? Chez Plomberie Lalonde, nous offrons une vari\u00e9t\u00e9 de services de plomberie \u00e0 Gatineau Pour tous vos besoins en plomberie dans le secteur de Gatineau et les environs, choisissez un plombier d\u2019exp\u00e9rience reconnu pour son efficacit\u00e9 et son professionnalisme. L\u2019\u00e9quipe de Plomberie Lalonde offre un service [&hellip;]<\/p>\n","protected":false},"author":1,"featured_media":0,"parent":0,"menu_order":0,"comment_status":"closed","ping_status":"open","template":"","meta":{"footnotes":""},"class_list":["post-2","page","type-page","status-publish","hentry"],"yoast_head":"<!-- This site is optimized with the Yoast SEO plugin v27.4 - https:\/\/yoast.com\/product\/yoast-seo-wordpress\/ -->\n<title>Plombier Outaouais | Urgence 24\/7 | Plomberie Lalonde<\/title>\n<meta name=\"description\" content=\"Plombier disponible 24\/7 \u00e0 Gatineau et en Outaouais. Intervention en plomberie au niveau du d\u00e9gel, nettoyage, d\u00e9blocage d\u2019\u00e9gouts, inspection par cam\u00e9ra, etc.\" \/>\n<meta name=\"robots\" content=\"index, follow, max-snippet:-1, max-image-preview:large, max-video-preview:-1\" \/>\n<link rel=\"canonical\" href=\"https:\/\/plomberielalonde.com\/fr\/\" \/>\n<meta property=\"og:locale\" content=\"fr_FR\" \/>\n<meta property=\"og:type\" content=\"article\" \/>\n<meta property=\"og:title\" content=\"Plombier Outaouais | Urgence 24\/7 | Plomberie Lalonde\" \/>\n<meta property=\"og:description\" content=\"Plombier disponible 24\/7 \u00e0 Gatineau et en Outaouais. Intervention en plomberie au niveau du d\u00e9gel, nettoyage, d\u00e9blocage d\u2019\u00e9gouts, inspection par cam\u00e9ra, etc.\" \/>\n<meta property=\"og:url\" content=\"https:\/\/plomberielalonde.com\/fr\/\" \/>\n<meta property=\"og:site_name\" content=\"Plomberie Lalonde\" \/>\n<meta property=\"article:modified_time\" content=\"2025-05-29T18:39:08+00:00\" \/>\n<meta name=\"twitter:card\" content=\"summary_large_image\" \/>\n<script type=\"application\/ld+json\" class=\"yoast-schema-graph\">{\"@context\":\"https:\\\/\\\/schema.org\",\"@graph\":[{\"@type\":\"WebPage\",\"@id\":\"https:\\\/\\\/plomberielalonde.com\\\/fr\\\/\",\"url\":\"https:\\\/\\\/plomberielalonde.com\\\/fr\\\/\",\"name\":\"Plombier Outaouais | Urgence 24\\\/7 | Plomberie Lalonde\",\"isPartOf\":{\"@id\":\"https:\\\/\\\/plomberielalonde.com\\\/fr\\\/#website\"},\"datePublished\":\"2020-07-19T17:51:22+00:00\",\"dateModified\":\"2025-05-29T18:39:08+00:00\",\"description\":\"Plombier disponible 24\\\/7 \u00e0 Gatineau et en Outaouais. Intervention en plomberie au niveau du d\u00e9gel, nettoyage, d\u00e9blocage d\u2019\u00e9gouts, inspection par cam\u00e9ra, etc.\",\"breadcrumb\":{\"@id\":\"https:\\\/\\\/plomberielalonde.com\\\/fr\\\/#breadcrumb\"},\"inLanguage\":\"fr-FR\",\"potentialAction\":[{\"@type\":\"ReadAction\",\"target\":[\"https:\\\/\\\/plomberielalonde.com\\\/fr\\\/\"]}]},{\"@type\":\"BreadcrumbList\",\"@id\":\"https:\\\/\\\/plomberielalonde.com\\\/fr\\\/#breadcrumb\",\"itemListElement\":[{\"@type\":\"ListItem\",\"position\":1,\"name\":\"Home\",\"item\":\"https:\\\/\\\/plomberielalonde.com\\\/fr\\\/\"},{\"@type\":\"ListItem\",\"position\":2,\"name\":\"Accueil\"}]},{\"@type\":\"WebSite\",\"@id\":\"https:\\\/\\\/plomberielalonde.com\\\/fr\\\/#website\",\"url\":\"https:\\\/\\\/plomberielalonde.com\\\/fr\\\/\",\"name\":\"Plomberie Lalonde\",\"description\":\"Un site utilisant WordPress\",\"publisher\":{\"@id\":\"https:\\\/\\\/plomberielalonde.com\\\/fr\\\/#organization\"},\"potentialAction\":[{\"@type\":\"SearchAction\",\"target\":{\"@type\":\"EntryPoint\",\"urlTemplate\":\"https:\\\/\\\/plomberielalonde.com\\\/fr\\\/?s={search_term_string}\"},\"query-input\":{\"@type\":\"PropertyValueSpecification\",\"valueRequired\":true,\"valueName\":\"search_term_string\"}}],\"inLanguage\":\"fr-FR\"},{\"@type\":\"Organization\",\"@id\":\"https:\\\/\\\/plomberielalonde.com\\\/fr\\\/#organization\",\"name\":\"Plomberie Lalonde\",\"url\":\"https:\\\/\\\/plomberielalonde.com\\\/fr\\\/\",\"logo\":{\"@type\":\"ImageObject\",\"inLanguage\":\"fr-FR\",\"@id\":\"https:\\\/\\\/plomberielalonde.com\\\/fr\\\/#\\\/schema\\\/logo\\\/image\\\/\",\"url\":\"https:\\\/\\\/plomberielalonde.com\\\/wp-content\\\/uploads\\\/2020\\\/07\\\/logo.png\",\"contentUrl\":\"https:\\\/\\\/plomberielalonde.com\\\/wp-content\\\/uploads\\\/2020\\\/07\\\/logo.png\",\"width\":260,\"height\":117,\"caption\":\"Plomberie Lalonde\"},\"image\":{\"@id\":\"https:\\\/\\\/plomberielalonde.com\\\/fr\\\/#\\\/schema\\\/logo\\\/image\\\/\"}}]}<\/script>\n<!-- \/ Yoast SEO plugin. -->","yoast_head_json":{"title":"Plombier Outaouais | Urgence 24\/7 | Plomberie Lalonde","description":"Plombier disponible 24\/7 \u00e0 Gatineau et en Outaouais. Intervention en plomberie au niveau du d\u00e9gel, nettoyage, d\u00e9blocage d\u2019\u00e9gouts, inspection par cam\u00e9ra, etc.","robots":{"index":"index","follow":"follow","max-snippet":"max-snippet:-1","max-image-preview":"max-image-preview:large","max-video-preview":"max-video-preview:-1"},"canonical":"https:\/\/plomberielalonde.com\/fr\/","og_locale":"fr_FR","og_type":"article","og_title":"Plombier Outaouais | Urgence 24\/7 | Plomberie Lalonde","og_description":"Plombier disponible 24\/7 \u00e0 Gatineau et en Outaouais. Intervention en plomberie au niveau du d\u00e9gel, nettoyage, d\u00e9blocage d\u2019\u00e9gouts, inspection par cam\u00e9ra, etc.","og_url":"https:\/\/plomberielalonde.com\/fr\/","og_site_name":"Plomberie Lalonde","article_modified_time":"2025-05-29T18:39:08+00:00","twitter_card":"summary_large_image","schema":{"@context":"https:\/\/schema.org","@graph":[{"@type":"WebPage","@id":"https:\/\/plomberielalonde.com\/fr\/","url":"https:\/\/plomberielalonde.com\/fr\/","name":"Plombier Outaouais | Urgence 24\/7 | Plomberie Lalonde","isPartOf":{"@id":"https:\/\/plomberielalonde.com\/fr\/#website"},"datePublished":"2020-07-19T17:51:22+00:00","dateModified":"2025-05-29T18:39:08+00:00","description":"Plombier disponible 24\/7 \u00e0 Gatineau et en Outaouais. Intervention en plomberie au niveau du d\u00e9gel, nettoyage, d\u00e9blocage d\u2019\u00e9gouts, inspection par cam\u00e9ra, etc.","breadcrumb":{"@id":"https:\/\/plomberielalonde.com\/fr\/#breadcrumb"},"inLanguage":"fr-FR","potentialAction":[{"@type":"ReadAction","target":["https:\/\/plomberielalonde.com\/fr\/"]}]},{"@type":"BreadcrumbList","@id":"https:\/\/plomberielalonde.com\/fr\/#breadcrumb","itemListElement":[{"@type":"ListItem","position":1,"name":"Home","item":"https:\/\/plomberielalonde.com\/fr\/"},{"@type":"ListItem","position":2,"name":"Accueil"}]},{"@type":"WebSite","@id":"https:\/\/plomberielalonde.com\/fr\/#website","url":"https:\/\/plomberielalonde.com\/fr\/","name":"Plomberie Lalonde","description":"Un site utilisant WordPress","publisher":{"@id":"https:\/\/plomberielalonde.com\/fr\/#organization"},"potentialAction":[{"@type":"SearchAction","target":{"@type":"EntryPoint","urlTemplate":"https:\/\/plomberielalonde.com\/fr\/?s={search_term_string}"},"query-input":{"@type":"PropertyValueSpecification","valueRequired":true,"valueName":"search_term_string"}}],"inLanguage":"fr-FR"},{"@type":"Organization","@id":"https:\/\/plomberielalonde.com\/fr\/#organization","name":"Plomberie Lalonde","url":"https:\/\/plomberielalonde.com\/fr\/","logo":{"@type":"ImageObject","inLanguage":"fr-FR","@id":"https:\/\/plomberielalonde.com\/fr\/#\/schema\/logo\/image\/","url":"https:\/\/plomberielalonde.com\/wp-content\/uploads\/2020\/07\/logo.png","contentUrl":"https:\/\/plomberielalonde.com\/wp-content\/uploads\/2020\/07\/logo.png","width":260,"height":117,"caption":"Plomberie Lalonde"},"image":{"@id":"https:\/\/plomberielalonde.com\/fr\/#\/schema\/logo\/image\/"}}]}},"_links":{"self":[{"href":"https:\/\/plomberielalonde.com\/fr\/wp-json\/wp\/v2\/pages\/2","targetHints":{"allow":["GET"]}}],"collection":[{"href":"https:\/\/plomberielalonde.com\/fr\/wp-json\/wp\/v2\/pages"}],"about":[{"href":"https:\/\/plomberielalonde.com\/fr\/wp-json\/wp\/v2\/types\/page"}],"author":[{"embeddable":true,"href":"https:\/\/plomberielalonde.com\/fr\/wp-json\/wp\/v2\/users\/1"}],"replies":[{"embeddable":true,"href":"https:\/\/plomberielalonde.com\/fr\/wp-json\/wp\/v2\/comments?post=2"}],"version-history":[{"count":0,"href":"https:\/\/plomberielalonde.com\/fr\/wp-json\/wp\/v2\/pages\/2\/revisions"}],"wp:attachment":[{"href":"https:\/\/plomberielalonde.com\/fr\/wp-json\/wp\/v2\/media?parent=2"}],"curies":[{"name":"wp","href":"https:\/\/api.w.org\/{rel}","templated":true}]}}