{"id":12,"date":"2020-07-19T18:35:42","date_gmt":"2020-07-19T18:35:42","guid":{"rendered":"https:\/\/plomberielalonde.com\/?page_id=12"},"modified":"2025-05-29T18:41:52","modified_gmt":"2025-05-29T18:41:52","slug":"plomberie-lalonde","status":"publish","type":"page","link":"https:\/\/plomberielalonde.com\/fr\/plomberie-lalonde\/","title":{"rendered":"Plomberie Lalonde"},"content":{"rendered":"<section class=\"top_container position-relative\">\n<div class=\"container\">\n<div class=\"row\">\n<div class=\"col-xl-10 col-xxl-8 mx-auto position-static\">\n<div class=\"h1_div text-center\">\n<div class=\"lc-block\">\n<div editable=\"rich\">\n<h1>Apprenez-en davantage sur les plombiers de Plomberie Lalonde \u00e0 Gatineau<\/h1>\n<\/p><\/div>\n<\/p><\/div>\n<p><!-- \/lc-block --><\/p>\n<div class=\"lc-block\">\n<div lc-helper=\"shortcode\" class=\"live-shortcode\"><a class=\"contact btn\" href=\"https:\/\/plomberielalonde.com\/fr\/contact\/\" aria-label=\"Contactez-nous\">Contactez-nous<\/a><\/div>\n<\/p><\/div>\n<p><!-- \/lc-block -->\n\t\t\t\t<\/div>\n<div lc-helper=\"shortcode\" class=\"live-shortcode\"><div class=\"down_arrow\"><img decoding=\"async\" src=\"https:\/\/plomberielalonde.com\/wp-content\/themes\/yannickweb-child\/assets\/images\/down-arrow.png\" class=\"\" alt=\"\"><noscript><img decoding=\"async\" src=\"https:\/\/plomberielalonde.com\/wp-content\/themes\/yannickweb-child\/assets\/images\/down-arrow.png\" class=\"\" alt=\"\"><\/noscript><\/div><\/div>\n<\/p><\/div>\n<p><!-- \/col -->\n\t\t<\/div>\n<\/p><\/div>\n<\/section>\n<section>\n<div lc-helper=\"shortcode\" class=\"live-shortcode\"><div class=\"icon_container\"><div class=\"container\"><div class=\"row justify-content-center text-center align-items-end\"><div class=\"col-sm-auto\"><div class=\"oneIcon\"><img decoding=\"async\" src=\"https:\/\/plomberielalonde.com\/wp-content\/themes\/yannickweb-child\/assets\/images\/clock.png\" class=\"\" alt=\"\"><noscript><img decoding=\"async\" src=\"https:\/\/plomberielalonde.com\/wp-content\/themes\/yannickweb-child\/assets\/images\/clock.png\" class=\"\" alt=\"\"><\/noscript><p>Service rapide<\/p><\/div><\/div><div class=\"col-sm-auto\"><div class=\"oneIcon\"><img decoding=\"async\" src=\"https:\/\/plomberielalonde.com\/wp-content\/themes\/yannickweb-child\/assets\/images\/feedback.png\" class=\"\" alt=\"\"><noscript><img decoding=\"async\" src=\"https:\/\/plomberielalonde.com\/wp-content\/themes\/yannickweb-child\/assets\/images\/feedback.png\" class=\"\" alt=\"\"><\/noscript><p>Travail professionnel<\/p><\/div><\/div><div class=\"col-sm-auto\"><div class=\"oneIcon\"><img decoding=\"async\" src=\"https:\/\/plomberielalonde.com\/wp-content\/themes\/yannickweb-child\/assets\/images\/award.png\" class=\"\" alt=\"\"><noscript><img decoding=\"async\" src=\"https:\/\/plomberielalonde.com\/wp-content\/themes\/yannickweb-child\/assets\/images\/award.png\" class=\"\" alt=\"\"><\/noscript><p>Satisfaction garantie<\/p><\/div><\/div><\/div><\/div><\/div><\/div>\n<\/section>\n<section class=\"main_container\">\n<div class=\"container\">\n<div class=\"row\">\n<div class=\"col-lg-6\">\n<div class=\"lc-block\">\n<div editable=\"rich\">\n<h2>Plomberie Lalonde, vos experts en plomberie depuis 1972<\/h2>\n<p>Plomberie Lalonde est une entreprise familiale qui a \u00e9t\u00e9 fond\u00e9e en 1972 par M. Jacques Lalonde. Ayant pris la rel\u00e8ve, ses deux fils Daniel et Sylvain continuent la tradition en offrant des services sp\u00e9cialis\u00e9s dans le domaine de la r\u00e9paration de plomberie, d\u00e9blocage d\u2019\u00e9gout, inspections effectu\u00e9es par cam\u00e9ra et \u00e9galement un \u00e9ventail complet de services de plomberie \u00e0 Gatineau et en Outaouais.<\/p>\n<p>Chez Plomberie Lalonde, nous offrons des services de plomberie de qualit\u00e9 sup\u00e9rieure, fiable et une \u00e9thique de travail exemplaire 24 heures par jour \u00e0 Gatineau. Notre force, c\u2019est le service \u00e0 la client\u00e8le et c\u2019est ce qui nous distingue depuis toutes ces ann\u00e9es.<\/p>\n<p>Choisir Plomberie Lalonde, c\u2019est b\u00e9n\u00e9ficier d\u2019un savoir-faire \u00e9prouv\u00e9 et d\u2019un accompagnement personnalis\u00e9. Profitez de notre exp\u00e9rience pour des travaux r\u00e9alis\u00e9s selon les normes les plus rigoureuses.<\/p>\n<\/p><\/div>\n<\/p><\/div>\n<p><!-- \/lc-block --><\/p>\n<div class=\"lc-block\">\n<div lc-helper=\"shortcode\" class=\"live-shortcode\"><a class=\"contact btn\" href=\"https:\/\/plomberielalonde.com\/fr\/contact\/\" aria-label=\"Contactez-nous\">Contactez-nous<\/a><\/div>\n<\/p><\/div>\n<p><!-- \/lc-block -->\n\t\t\t<\/div>\n<p><!-- \/col --><\/p>\n<div class=\"col-lg-6 col-xxl-5 ml-auto\">\n<div class=\"lc-block urgence-alert\">\n<div editable=\"rich\">\n<p>Service d&rsquo;urgence disponible<\/p>\n<\/p><\/div>\n<\/p><\/div>\n<p><!-- \/lc-block --><\/p>\n<div class=\"lc-block main-side-1\"><\/div>\n<p><!-- \/lc-block --><\/p>\n<div class=\"lc-block main-side-2\"><\/div>\n<p><!-- \/lc-block -->\n\t\t\t<\/div>\n<p><!-- \/col -->\n\t\t<\/div>\n<\/p><\/div>\n<\/section>\n<section class=\"services_container\">\n<div class=\"container\">\n<div class=\"row\">\n<div class=\"col-lg-5\">\n\t\t\t\t<!-- \/lc-block --><\/p>\n<div class=\"lc-block liste_services\">\n<div lc-helper=\"shortcode\" class=\"live-shortcode\"><div class=\"services_list\"><h3>Services<\/h3><ul><li>D\u00e9blocage d'\u00e9gout<\/li><li>D\u00e9gel de tuyau<\/li><li>Drain de garage<\/li><li>Excavation \u00e9gout et aqueduc<\/li><li>Inspection (conformit\u00e9 avec rapport pour assurance)<\/li><li>Inspection par cam\u00e9ra<\/li><li>Nettoyage de drain fran\u00e7ais<\/li><li>Pression<\/li><li>Probl\u00e8mes de vermines (Rats et autres rongeurs)<\/li><li>Remplacement d\u2019\u00e9gouts int\u00e9rieur<\/li><li>R\u00e9paration de plomberie en tout genre<\/li><li>R\u00e9servoir d\u2019eau chaude<\/li><li>Rotor<\/li><li>Vidange de trappe \u00e0 graisses<\/li><\/ul><\/div><\/div>\n<\/p><\/div>\n<p><!-- \/lc-block -->\n\t\t\t<\/div>\n<p><!-- \/col --><\/p>\n<div class=\"col-lg-7\">\n<div class=\"lc-block maintext2\">\n<div editable=\"rich\">\n<h4>Chez Plomberie Lalonde, nous utilisons des techniques modernes pour la r\u00e9alisation de nos travaux de plomberie \u00e0 Gatineau <br \/><\/h4>\n<h5>Technologie sans creusage unique!<\/h5>\n<p>Vous avez un \u00e9gout fissur\u00e9, bris\u00e9 ou obstru\u00e9 par des racines \u00e0 Gatineau\u202f? Plomberie Lalonde vous propose une technologie sans excavation, unique \u00e0 Gatineau.<\/p>\n<p>Vous poss\u00e9dez une pelouse de r\u00eave, un am\u00e9nagement paysag\u00e9, un arbre mature, un pav\u00e9, pierre de ciment, etc., et vous voulez \u00e9viter d\u2019endommager ou de vous d\u00e9partir, lors des travaux d\u2019excavation pour le remplacement de votre \u00e9gout?<\/p>\n<h5>Plomberie Lalonde \u00e0 Gatineau \u00e0 la solution!<\/h5>\n<p>Chez Plomberie Lalonde \u00e0 Gatineau, nous vous proposons la remise \u00e0 neuf de votre \u00e9gout par une technologie sans creusage, qui consiste \u00e0 installer une membrane de fibre de verre et de m\u00e9lange d\u2019\u00e9poxy, \u00e0 l\u2019int\u00e9rieur de la conduite d\u2019\u00e9gout endommag\u00e9e. Celle-ci sera par la suite cuite par proc\u00e9d\u00e9 de vapeur et refroidie \u00e0 l\u2019air par la suite. Le r\u00e9sultat final est sensationnel. Voyez par vous-m\u00eame!<\/p>\n<h5>R\u00e9sultat ?<\/h5>\n<p>Des milliers de propri\u00e9taires, entreprises et municipalit\u00e9s de l\u2019Outaouais ont opt\u00e9 pour cette m\u00e9thode efficace et durable. Ceux-ci sont non seulement tr\u00e8s satisfaits du travail accompli, mais d\u2019autant plus heureux d\u2019avoir \u00e9conomis\u00e9 de l\u2019argent sur la reconstruction et l\u2019am\u00e9nagement paysag\u00e9 du terrain de leur r\u00e9sidence ou commerce. Une vid\u00e9o bien d\u00e9taill\u00e9e de toutes les proc\u00e9dures d\u2019installation est disponible sur le site de Formadrain.com pour une vue d\u2019ensemble des travaux.&nbsp;<\/p>\n<p>Pour une soumission de vos travaux, veuillez contacter Plomberie Lalonde \u00e0 l\u2019adresse ou num\u00e9ro de t\u00e9l\u00e9phone ci-haut mentionn\u00e9.<\/p>\n<p>Au plaisir de vous servir!<\/p>\n<a class=\"contact btn\" href=\"https:\/\/plomberielalonde.com\/fr\/contact\/\" aria-label=\"Obtenez plus d\u2019informations\">Obtenez plus d\u2019informations<\/a>\n<\/div>\n<\/div>\n<p><!-- \/lc-block --><br \/>\n\t\t\t\t<!-- \/lc-block -->\n\t\t\t<\/div>\n<p><!-- \/col -->\n\t\t<\/div>\n<\/p><\/div>\n<\/section>\n","protected":false},"excerpt":{"rendered":"<p>Apprenez-en davantage sur les plombiers de Plomberie Lalonde \u00e0 Gatineau Plomberie Lalonde, vos experts en plomberie depuis 1972 Plomberie Lalonde est une entreprise familiale qui a \u00e9t\u00e9 fond\u00e9e en 1972 par M. Jacques Lalonde. Ayant pris la rel\u00e8ve, ses deux fils Daniel et Sylvain continuent la tradition en offrant des services sp\u00e9cialis\u00e9s dans le domaine [&hellip;]<\/p>\n","protected":false},"author":1,"featured_media":0,"parent":0,"menu_order":0,"comment_status":"closed","ping_status":"closed","template":"page-templates\/empty.php","meta":{"footnotes":""},"class_list":["post-12","page","type-page","status-publish","hentry"],"yoast_head":"<!-- This site is optimized with the Yoast SEO plugin v27.4 - https:\/\/yoast.com\/product\/yoast-seo-wordpress\/ -->\n<title>Votre plombier \u00e0 Gatineau | 24\/7 | Plomberie Lalonde<\/title>\n<meta name=\"description\" content=\"Experts en plomberie r\u00e9sidentielle, commerciale et industrielle dans la r\u00e9gion de l\u2019Outaouais depuis 1972. Service de plomberie d\u2019urgence 24\/7.\" \/>\n<meta name=\"robots\" content=\"index, follow, max-snippet:-1, max-image-preview:large, max-video-preview:-1\" \/>\n<link rel=\"canonical\" href=\"https:\/\/plomberielalonde.com\/fr\/plomberie-lalonde\/\" \/>\n<meta property=\"og:locale\" content=\"fr_FR\" \/>\n<meta property=\"og:type\" content=\"article\" \/>\n<meta property=\"og:title\" content=\"Votre plombier \u00e0 Gatineau | 24\/7 | Plomberie Lalonde\" \/>\n<meta property=\"og:description\" content=\"Experts en plomberie r\u00e9sidentielle, commerciale et industrielle dans la r\u00e9gion de l\u2019Outaouais depuis 1972. Service de plomberie d\u2019urgence 24\/7.\" \/>\n<meta property=\"og:url\" content=\"https:\/\/plomberielalonde.com\/fr\/plomberie-lalonde\/\" \/>\n<meta property=\"og:site_name\" content=\"Plomberie Lalonde\" \/>\n<meta property=\"article:modified_time\" content=\"2025-05-29T18:41:52+00:00\" \/>\n<meta name=\"twitter:card\" content=\"summary_large_image\" \/>\n<script type=\"application\/ld+json\" class=\"yoast-schema-graph\">{\"@context\":\"https:\\\/\\\/schema.org\",\"@graph\":[{\"@type\":[\"WebPage\",\"AboutPage\"],\"@id\":\"https:\\\/\\\/plomberielalonde.com\\\/fr\\\/plomberie-lalonde\\\/\",\"url\":\"https:\\\/\\\/plomberielalonde.com\\\/fr\\\/plomberie-lalonde\\\/\",\"name\":\"Votre plombier \u00e0 Gatineau | 24\\\/7 | Plomberie Lalonde\",\"isPartOf\":{\"@id\":\"https:\\\/\\\/plomberielalonde.com\\\/fr\\\/#website\"},\"datePublished\":\"2020-07-19T18:35:42+00:00\",\"dateModified\":\"2025-05-29T18:41:52+00:00\",\"description\":\"Experts en plomberie r\u00e9sidentielle, commerciale et industrielle dans la r\u00e9gion de l\u2019Outaouais depuis 1972. Service de plomberie d\u2019urgence 24\\\/7.\",\"breadcrumb\":{\"@id\":\"https:\\\/\\\/plomberielalonde.com\\\/fr\\\/plomberie-lalonde\\\/#breadcrumb\"},\"inLanguage\":\"fr-FR\",\"potentialAction\":[{\"@type\":\"ReadAction\",\"target\":[\"https:\\\/\\\/plomberielalonde.com\\\/fr\\\/plomberie-lalonde\\\/\"]}]},{\"@type\":\"BreadcrumbList\",\"@id\":\"https:\\\/\\\/plomberielalonde.com\\\/fr\\\/plomberie-lalonde\\\/#breadcrumb\",\"itemListElement\":[{\"@type\":\"ListItem\",\"position\":1,\"name\":\"Home\",\"item\":\"https:\\\/\\\/plomberielalonde.com\\\/fr\\\/\"},{\"@type\":\"ListItem\",\"position\":2,\"name\":\"Plomberie Lalonde\"}]},{\"@type\":\"WebSite\",\"@id\":\"https:\\\/\\\/plomberielalonde.com\\\/fr\\\/#website\",\"url\":\"https:\\\/\\\/plomberielalonde.com\\\/fr\\\/\",\"name\":\"Plomberie Lalonde\",\"description\":\"Un site utilisant WordPress\",\"publisher\":{\"@id\":\"https:\\\/\\\/plomberielalonde.com\\\/fr\\\/#organization\"},\"potentialAction\":[{\"@type\":\"SearchAction\",\"target\":{\"@type\":\"EntryPoint\",\"urlTemplate\":\"https:\\\/\\\/plomberielalonde.com\\\/fr\\\/?s={search_term_string}\"},\"query-input\":{\"@type\":\"PropertyValueSpecification\",\"valueRequired\":true,\"valueName\":\"search_term_string\"}}],\"inLanguage\":\"fr-FR\"},{\"@type\":\"Organization\",\"@id\":\"https:\\\/\\\/plomberielalonde.com\\\/fr\\\/#organization\",\"name\":\"Plomberie Lalonde\",\"url\":\"https:\\\/\\\/plomberielalonde.com\\\/fr\\\/\",\"logo\":{\"@type\":\"ImageObject\",\"inLanguage\":\"fr-FR\",\"@id\":\"https:\\\/\\\/plomberielalonde.com\\\/fr\\\/#\\\/schema\\\/logo\\\/image\\\/\",\"url\":\"https:\\\/\\\/plomberielalonde.com\\\/wp-content\\\/uploads\\\/2020\\\/07\\\/logo.png\",\"contentUrl\":\"https:\\\/\\\/plomberielalonde.com\\\/wp-content\\\/uploads\\\/2020\\\/07\\\/logo.png\",\"width\":260,\"height\":117,\"caption\":\"Plomberie Lalonde\"},\"image\":{\"@id\":\"https:\\\/\\\/plomberielalonde.com\\\/fr\\\/#\\\/schema\\\/logo\\\/image\\\/\"}}]}<\/script>\n<!-- \/ Yoast SEO plugin. -->","yoast_head_json":{"title":"Votre plombier \u00e0 Gatineau | 24\/7 | Plomberie Lalonde","description":"Experts en plomberie r\u00e9sidentielle, commerciale et industrielle dans la r\u00e9gion de l\u2019Outaouais depuis 1972. Service de plomberie d\u2019urgence 24\/7.","robots":{"index":"index","follow":"follow","max-snippet":"max-snippet:-1","max-image-preview":"max-image-preview:large","max-video-preview":"max-video-preview:-1"},"canonical":"https:\/\/plomberielalonde.com\/fr\/plomberie-lalonde\/","og_locale":"fr_FR","og_type":"article","og_title":"Votre plombier \u00e0 Gatineau | 24\/7 | Plomberie Lalonde","og_description":"Experts en plomberie r\u00e9sidentielle, commerciale et industrielle dans la r\u00e9gion de l\u2019Outaouais depuis 1972. Service de plomberie d\u2019urgence 24\/7.","og_url":"https:\/\/plomberielalonde.com\/fr\/plomberie-lalonde\/","og_site_name":"Plomberie Lalonde","article_modified_time":"2025-05-29T18:41:52+00:00","twitter_card":"summary_large_image","schema":{"@context":"https:\/\/schema.org","@graph":[{"@type":["WebPage","AboutPage"],"@id":"https:\/\/plomberielalonde.com\/fr\/plomberie-lalonde\/","url":"https:\/\/plomberielalonde.com\/fr\/plomberie-lalonde\/","name":"Votre plombier \u00e0 Gatineau | 24\/7 | Plomberie Lalonde","isPartOf":{"@id":"https:\/\/plomberielalonde.com\/fr\/#website"},"datePublished":"2020-07-19T18:35:42+00:00","dateModified":"2025-05-29T18:41:52+00:00","description":"Experts en plomberie r\u00e9sidentielle, commerciale et industrielle dans la r\u00e9gion de l\u2019Outaouais depuis 1972. Service de plomberie d\u2019urgence 24\/7.","breadcrumb":{"@id":"https:\/\/plomberielalonde.com\/fr\/plomberie-lalonde\/#breadcrumb"},"inLanguage":"fr-FR","potentialAction":[{"@type":"ReadAction","target":["https:\/\/plomberielalonde.com\/fr\/plomberie-lalonde\/"]}]},{"@type":"BreadcrumbList","@id":"https:\/\/plomberielalonde.com\/fr\/plomberie-lalonde\/#breadcrumb","itemListElement":[{"@type":"ListItem","position":1,"name":"Home","item":"https:\/\/plomberielalonde.com\/fr\/"},{"@type":"ListItem","position":2,"name":"Plomberie Lalonde"}]},{"@type":"WebSite","@id":"https:\/\/plomberielalonde.com\/fr\/#website","url":"https:\/\/plomberielalonde.com\/fr\/","name":"Plomberie Lalonde","description":"Un site utilisant WordPress","publisher":{"@id":"https:\/\/plomberielalonde.com\/fr\/#organization"},"potentialAction":[{"@type":"SearchAction","target":{"@type":"EntryPoint","urlTemplate":"https:\/\/plomberielalonde.com\/fr\/?s={search_term_string}"},"query-input":{"@type":"PropertyValueSpecification","valueRequired":true,"valueName":"search_term_string"}}],"inLanguage":"fr-FR"},{"@type":"Organization","@id":"https:\/\/plomberielalonde.com\/fr\/#organization","name":"Plomberie Lalonde","url":"https:\/\/plomberielalonde.com\/fr\/","logo":{"@type":"ImageObject","inLanguage":"fr-FR","@id":"https:\/\/plomberielalonde.com\/fr\/#\/schema\/logo\/image\/","url":"https:\/\/plomberielalonde.com\/wp-content\/uploads\/2020\/07\/logo.png","contentUrl":"https:\/\/plomberielalonde.com\/wp-content\/uploads\/2020\/07\/logo.png","width":260,"height":117,"caption":"Plomberie Lalonde"},"image":{"@id":"https:\/\/plomberielalonde.com\/fr\/#\/schema\/logo\/image\/"}}]}},"_links":{"self":[{"href":"https:\/\/plomberielalonde.com\/fr\/wp-json\/wp\/v2\/pages\/12","targetHints":{"allow":["GET"]}}],"collection":[{"href":"https:\/\/plomberielalonde.com\/fr\/wp-json\/wp\/v2\/pages"}],"about":[{"href":"https:\/\/plomberielalonde.com\/fr\/wp-json\/wp\/v2\/types\/page"}],"author":[{"embeddable":true,"href":"https:\/\/plomberielalonde.com\/fr\/wp-json\/wp\/v2\/users\/1"}],"replies":[{"embeddable":true,"href":"https:\/\/plomberielalonde.com\/fr\/wp-json\/wp\/v2\/comments?post=12"}],"version-history":[{"count":0,"href":"https:\/\/plomberielalonde.com\/fr\/wp-json\/wp\/v2\/pages\/12\/revisions"}],"wp:attachment":[{"href":"https:\/\/plomberielalonde.com\/fr\/wp-json\/wp\/v2\/media?parent=12"}],"curies":[{"name":"wp","href":"https:\/\/api.w.org\/{rel}","templated":true}]}}